{"id":12801,"date":"2024-08-25T18:02:38","date_gmt":"2024-08-25T18:02:38","guid":{"rendered":"https:\/\/grupocamargolima.com\/?page_id=12801"},"modified":"2024-12-17T22:07:53","modified_gmt":"2024-12-17T22:07:53","slug":"quem-somos","status":"publish","type":"page","link":"https:\/\/grupocamargolima.com\/en\/quem-somos\/","title":{"rendered":"WHO WE ARE"},"content":{"rendered":"<div class=\"wpb-content-wrapper\"><div data-vc-full-width=\"true\" data-vc-full-width-temp=\"true\" data-vc-full-width-init=\"false\" class=\"vc_row wpb_row vc_row-fluid vc_custom_1724806204891 bg-color-black displaced-top\"><div class=\"wpb_column vc_column_container vc_col-sm-12\"><div class=\"vc_column-inner\"><div class=\"wpb_wrapper\">\n\t<div class=\"wpb_text_column wpb_content_element\" >\n\t\t<div class=\"wpb_wrapper\">\n\t\t\t\n\t\t\t<!-- START Interior REVOLUTION SLIDER 6.7.38 --><p class=\"rs-p-wp-fix\"><\/p>\n\t\t\t<rs-module-wrap id=\"rev_slider_9_1_wrapper\" data-source=\"gallery\" style=\"visibility:hidden;background:transparent;padding:0;margin:0px auto;margin-top:0;margin-bottom:0;\">\n\t\t\t\t<rs-module id=\"rev_slider_9_1\" style=\"\" data-version=\"6.7.38\">\n\t\t\t\t\t<rs-slides style=\"overflow: hidden; position: absolute;\">\n\t\t\t\t\t\t<rs-slide style=\"position: absolute;\" data-key=\"rs-29\" data-title=\"Slide\" data-anim=\"ms:1500ms;\" data-in=\"o:0;sx:0.6;sy:0.6;\" data-out=\"o:0;sx:1.6;sy:1.6;\">\n\t\t\t\t\t\t\t<img decoding=\"async\" src=\"\/\/grupocamargolima.com\/wp-content\/plugins\/revslider\/sr6\/assets\/assets\/dummy.png\" alt=\"\" title=\"mundo-\" width=\"1920\" height=\"1080\" class=\"rev-slidebg tp-rs-img rs-lazyload\" data-lazyload=\"\/\/grupocamargolima.com\/wp-content\/uploads\/2019\/06\/mundo-.jpg\" data-parallax=\"off\" data-no-retina>\n<!--\n\t\t\t\t\t\t\t--><rs-layer\n\t\t\t\t\t\t\t\tid=\"slider-9-slide-29-layer-0\" \n\t\t\t\t\t\t\t\tdata-type=\"text\"\n\t\t\t\t\t\t\t\tdata-rsp_ch=\"on\"\n\t\t\t\t\t\t\t\tdata-xy=\"x:c;y:m;yo:284px,163px,27px,90px;\"\n\t\t\t\t\t\t\t\tdata-text=\"w:normal;s:120,120,100,50;l:120,120,100,64;fw:800;a:center;\"\n\t\t\t\t\t\t\t\tdata-frame_0=\"x:-175%;o:1;\"\n\t\t\t\t\t\t\t\tdata-frame_0_mask=\"u:t;x:100%;\"\n\t\t\t\t\t\t\t\tdata-frame_1=\"e:power3.out;st:330;sp:1980;sR:330;\"\n\t\t\t\t\t\t\t\tdata-frame_1_mask=\"u:t;\"\n\t\t\t\t\t\t\t\tdata-frame_999=\"o:0;st:w;sR:7690;\"\n\t\t\t\t\t\t\t\tstyle=\"z-index:9;font-family:'Open Sans';text-transform:uppercase;\"\n\t\t\t\t\t\t\t>SINCE 2011 \n\t\t\t\t\t\t\t<\/rs-layer><!--\n\n\t\t\t\t\t\t\t--><rs-layer\n\t\t\t\t\t\t\t\tid=\"slider-9-slide-29-layer-2\" \n\t\t\t\t\t\t\t\tdata-type=\"text\"\n\t\t\t\t\t\t\t\tdata-rsp_ch=\"on\"\n\t\t\t\t\t\t\t\tdata-xy=\"x:c;y:m;yo:165px,43px,-72px,-5px;\"\n\t\t\t\t\t\t\t\tdata-text=\"w:normal;s:120,120,100,50;l:120,120,100,64;fw:800;a:center;\"\n\t\t\t\t\t\t\t\tdata-frame_0=\"x:-175%;o:1;\"\n\t\t\t\t\t\t\t\tdata-frame_0_mask=\"u:t;x:100%;\"\n\t\t\t\t\t\t\t\tdata-frame_1=\"e:power3.out;st:330;sp:1980;sR:330;\"\n\t\t\t\t\t\t\t\tdata-frame_1_mask=\"u:t;\"\n\t\t\t\t\t\t\t\tdata-frame_999=\"o:0;st:w;sR:7690;\"\n\t\t\t\t\t\t\t\tstyle=\"z-index:8;font-family:'Open Sans';text-transform:uppercase;\"\n\t\t\t\t\t\t\t>TO THE WORLD \n\t\t\t\t\t\t\t<\/rs-layer><!--\n\n\t\t\t\t\t\t\t--><rs-layer\n\t\t\t\t\t\t\t\tid=\"slider-9-slide-29-layer-7\" \n\t\t\t\t\t\t\t\tdata-type=\"object\"\n\t\t\t\t\t\t\t\tdata-rsp_ch=\"on\"\n\t\t\t\t\t\t\t\tdata-xy=\"xo:50px,37px,29px,14px;yo:50px,37px,29px,14px;\"\n\t\t\t\t\t\t\t\tdata-text=\"w:normal;\"\n\t\t\t\t\t\t\t\tdata-frame_999=\"o:0;st:w;sR:9700;\"\n\t\t\t\t\t\t\t\tstyle=\"z-index:10;font-family:'Roboto';\"\n\t\t\t\t\t\t\t> \n\t\t\t\t\t\t\t<\/rs-layer><!--\n\n\t\t\t\t\t\t\t--><rs-layer\n\t\t\t\t\t\t\t\tid=\"slider-9-slide-29-layer-14\" \n\t\t\t\t\t\t\t\tclass=\"ltx-overlay-lines-rev\"\n\t\t\t\t\t\t\t\tdata-type=\"shape\"\n\t\t\t\t\t\t\t\tdata-rsp_ch=\"on\"\n\t\t\t\t\t\t\t\tdata-xy=\"x:c;y:m;\"\n\t\t\t\t\t\t\t\tdata-text=\"w:normal;\"\n\t\t\t\t\t\t\t\tdata-dim=\"w:100%;h:100%;\"\n\t\t\t\t\t\t\t\tdata-basealign=\"slide\"\n\t\t\t\t\t\t\t\tdata-frame_999=\"o:0;st:w;\"\n\t\t\t\t\t\t\t\tstyle=\"z-index:6;\"\n\t\t\t\t\t\t\t> \n\t\t\t\t\t\t\t<\/rs-layer><!--\n\n\t\t\t\t\t\t\t--><rs-layer\n\t\t\t\t\t\t\t\tid=\"slider-9-slide-29-layer-15\" \n\t\t\t\t\t\t\t\tdata-type=\"text\"\n\t\t\t\t\t\t\t\tdata-color=\"#f7a70a\"\n\t\t\t\t\t\t\t\tdata-rsp_ch=\"on\"\n\t\t\t\t\t\t\t\tdata-xy=\"x:c;y:m;yo:47px,-63px,-173px,-134px;\"\n\t\t\t\t\t\t\t\tdata-text=\"w:normal;s:120,120,100,50;l:120,120,100,64;fw:800;a:left,left,left,center;\"\n\t\t\t\t\t\t\t\tdata-dim=\"w:auto,auto,auto,397px;\"\n\t\t\t\t\t\t\t\tdata-frame_0=\"x:-175%;o:1;\"\n\t\t\t\t\t\t\t\tdata-frame_0_mask=\"u:t;x:100%;\"\n\t\t\t\t\t\t\t\tdata-frame_1=\"e:power3.out;st:330;sp:1980;sR:330;\"\n\t\t\t\t\t\t\t\tdata-frame_1_mask=\"u:t;\"\n\t\t\t\t\t\t\t\tdata-frame_999=\"o:0;st:w;sR:7690;\"\n\t\t\t\t\t\t\t\tstyle=\"z-index:7;font-family:'Open Sans';text-transform:uppercase;\"\n\t\t\t\t\t\t\t>FROM THE FARM \n\t\t\t\t\t\t\t<\/rs-layer><!--\n\n\t\t\t\t\t\t\t--><rs-layer\n\t\t\t\t\t\t\t\tid=\"slider-9-slide-29-layer-52\" \n\t\t\t\t\t\t\t\tdata-type=\"object\"\n\t\t\t\t\t\t\t\tdata-rsp_ch=\"on\"\n\t\t\t\t\t\t\t\tdata-xy=\"xo:50px,37px,29px,14px;yo:290px,220px,176px,89px;\"\n\t\t\t\t\t\t\t\tdata-text=\"w:normal;\"\n\t\t\t\t\t\t\t\tdata-frame_999=\"o:0;st:w;sR:9700;\"\n\t\t\t\t\t\t\t\tstyle=\"z-index:11;font-family:'Roboto';\"\n\t\t\t\t\t\t\t> \n\t\t\t\t\t\t\t<\/rs-layer><!--\n-->\t\t\t\t\t<\/rs-slide>\n\t\t\t\t\t<\/rs-slides>\n\t\t\t\t\t<rs-static-layers><!--\n\t\t\t\t\t--><\/rs-static-layers>\n\t\t\t\t<\/rs-module>\n\t\t\t\t<script>\n\t\t\t\t\tsetREVStartSize({c: 'rev_slider_9_1',rl:[1600,1600,1200,991],el:[1000,900,870,800],gw:[1540,1170,940,480],gh:[1000,900,870,800],type:'standard',justify:'',layout:'fullwidth',mh:\"0\"});if (window.RS_MODULES!==undefined && window.RS_MODULES.modules!==undefined && window.RS_MODULES.modules[\"revslider91\"]!==undefined) {window.RS_MODULES.modules[\"revslider91\"].once = false;window.revapi9 = undefined;if (window.RS_MODULES.checkMinimal!==undefined) window.RS_MODULES.checkMinimal()}\n\t\t\t\t<\/script>\n\t\t\t<\/rs-module-wrap>\n\t\t\t<!-- END REVOLUTION SLIDER -->\n\n\n\t\t<\/div>\n\t<\/div>\n<\/div><\/div><\/div><\/div><div class=\"vc_row-full-width vc_clearfix\"><\/div><section data-vc-full-width=\"true\" data-vc-full-width-temp=\"true\" data-vc-full-width-init=\"false\" class=\"vc_section vc_custom_1724616218944 vc_section-has-fill text-align-center-sm-ms\"><div class=\"vc_row wpb_row vc_row-fluid\"><div class=\"wpb_column vc_column_container vc_col-sm-12\"><div class=\"vc_column-inner\"><div class=\"wpb_wrapper\"><div class=\"es-resp\">\t<div class=\"visible-xl\" style=\"height: 180px;\"><\/div>\t<div class=\"hidden-xl hidden-md hidden-sm hidden-ms hidden-xs\" style=\"height: 180px;\"><\/div>\t<div class=\"visible-md\" style=\"height: 180px;\"><\/div>\t<div class=\"visible-sm\" style=\"height: 180px;\"><\/div>\t<div class=\"visible-ms\" style=\"height: 90px;\"><\/div>\t<div class=\"visible-xs\" style=\"height: 90px;\"><\/div><\/div><div class=\"ltx-content-width ltx-dots-bg-about  vc_custom_1724616255156 ltx-col-align-left ltx-block-align-center\" id=\"like_sc_content_width_436756015\" style=\"max-width: 620px\"><div class=\"ltx-wrapper\"><div class=\"heading default align-center color-white subcolor-main transform-default icon-type-hidden   vc_custom_1724616309353 heading-tag-h1\" id=\"like_sc_header_759722661\"><h1 class=\"header ltx-sr-id-like_sc_header_7597226611387726129 ltx-sr ltx-sr-effect-fade_in ltx-sr-el-block ltx-sr-delay-0 ltx-sr-duration-1000 ltx-sr-sequences-0\">+ AGRO<br \/>\n+ FLAVORS<br \/>\n+ HEALTH<\/h1><\/div><div class=\"heading default align-center color-white subcolor-main transform-default icon-type-hidden   vc_custom_1724806468462 heading-tag-h5\" id=\"like_sc_header_1272003768\"><h5 class=\"header ltx-sr-id-like_sc_header_1272003768835735145 ltx-sr ltx-sr-effect-fade_in ltx-sr-el-block ltx-sr-delay-0 ltx-sr-duration-1000 ltx-sr-sequences-0\">Work with God's guidance, everything will turn out fine!<\/h5><\/div><div class=\"es-resp\">\t<div class=\"visible-xl\" style=\"height: 180px;\"><\/div>\t<div class=\"hidden-xl hidden-md hidden-sm hidden-ms hidden-xs\" style=\"height: 180px;\"><\/div>\t<div class=\"visible-md\" style=\"height: 180px;\"><\/div>\t<div class=\"visible-sm\" style=\"height: 180px;\"><\/div>\t<div class=\"visible-ms\" style=\"height: 90px;\"><\/div>\t<div class=\"visible-xs\" style=\"height: 90px;\"><\/div><\/div><\/div><\/div><\/div><\/div><\/div><\/div><\/section><div class=\"vc_row-full-width vc_clearfix\"><\/div><section data-vc-full-width=\"true\" data-vc-full-width-temp=\"true\" data-vc-full-width-init=\"false\" class=\"vc_section vc_custom_1734472469028 vc_section-has-fill text-align-center-sm-ms\"><div class=\"vc_row wpb_row vc_row-fluid\"><div class=\"wpb_column vc_column_container vc_col-sm-12\"><div class=\"vc_column-inner\"><div class=\"wpb_wrapper\"><div class=\"es-resp\">\t<div class=\"visible-xl\" style=\"height: 180px;\"><\/div>\t<div class=\"hidden-xl hidden-md hidden-sm hidden-ms hidden-xs\" style=\"height: 180px;\"><\/div>\t<div class=\"visible-md\" style=\"height: 180px;\"><\/div>\t<div class=\"visible-sm\" style=\"height: 180px;\"><\/div>\t<div class=\"visible-ms\" style=\"height: 90px;\"><\/div>\t<div class=\"visible-xs\" style=\"height: 90px;\"><\/div><\/div><div class=\"heading default align-center color-white subcolor-main transform-default icon-type-hidden   vc_custom_1724808273787 heading-tag-h4\" id=\"like_sc_header_1377443783\"><h4 class=\"header ltx-sr-id-like_sc_header_13774437831791472722 ltx-sr ltx-sr-effect-fade_in ltx-sr-el-block ltx-sr-delay-0 ltx-sr-duration-1000 ltx-sr-sequences-0\">The group has stood out in the fuel, agricultural, and food products sectors.<br \/>\nFocused on international markets, CAMARGO LIMA trading exports guava, banana, coffee, and avocado to Orlando, USA.<br \/>\nEach product is carefully selected and processed to ensure that consumers receive the best that Brazil has to offer.<\/h4><\/div><div class=\"ltx-content-width ltx-dots-bg-about  vc_custom_1724616255156 ltx-col-align-left ltx-block-align-center\" id=\"like_sc_content_width_1246503014\" style=\"max-width: 620px\"><div class=\"ltx-wrapper\"><div class=\"es-resp\">\t<div class=\"visible-xl\" style=\"height: 180px;\"><\/div>\t<div class=\"hidden-xl hidden-md hidden-sm hidden-ms hidden-xs\" style=\"height: 180px;\"><\/div>\t<div class=\"visible-md\" style=\"height: 180px;\"><\/div>\t<div class=\"visible-sm\" style=\"height: 180px;\"><\/div>\t<div class=\"visible-ms\" style=\"height: 90px;\"><\/div>\t<div class=\"visible-xs\" style=\"height: 90px;\"><\/div><\/div><\/div><\/div><\/div><\/div><\/div><\/div><div class=\"vc_row wpb_row vc_row-fluid\"><div class=\"wpb_column vc_column_container vc_col-sm-4\"><div class=\"vc_column-inner\"><div class=\"wpb_wrapper\">\n\t<div  class=\"wpb_single_image wpb_content_element vc_align_center wpb_content_element\">\n\t\t\n\t\t<figure class=\"wpb_wrapper vc_figure\">\n\t\t\t<div class=\"vc_single_image-wrapper   vc_box_border_grey\"><img decoding=\"async\" class=\"vc_single_image-img\" src=\"https:\/\/grupocamargolima.com\/wp-content\/uploads\/2024\/12\/115079c3-1a4d-4d52-ba17-bb15fbfade79-removebg-preview-200x200.png\" width=\"200\" height=\"200\" alt=\"115079c3-1a4d-4d52-ba17-bb15fbfade79-removebg-preview\" title=\"115079c3-1a4d-4d52-ba17-bb15fbfade79-removebg-preview\" loading=\"lazy\" \/><\/div>\n\t\t<\/figure>\n\t<\/div>\n<\/div><\/div><\/div><div class=\"wpb_column vc_column_container vc_col-sm-4\"><div class=\"vc_column-inner\"><div class=\"wpb_wrapper\">\n\t<div  class=\"wpb_single_image wpb_content_element vc_align_center wpb_content_element\">\n\t\t\n\t\t<figure class=\"wpb_wrapper vc_figure\">\n\t\t\t<div class=\"vc_single_image-wrapper   vc_box_border_grey\"><img decoding=\"async\" class=\"vc_single_image-img\" src=\"https:\/\/grupocamargolima.com\/wp-content\/uploads\/2024\/12\/035790be-3e54-4743-82b7-ce0393079b07-removebg-preview-200x200.png\" width=\"200\" height=\"200\" alt=\"035790be-3e54-4743-82b7-ce0393079b07-removebg-preview\" title=\"035790be-3e54-4743-82b7-ce0393079b07-removebg-preview\" loading=\"lazy\" \/><\/div>\n\t\t<\/figure>\n\t<\/div>\n<\/div><\/div><\/div><div class=\"wpb_column vc_column_container vc_col-sm-4\"><div class=\"vc_column-inner\"><div class=\"wpb_wrapper\">\n\t<div  class=\"wpb_single_image wpb_content_element vc_align_center wpb_content_element\">\n\t\t\n\t\t<figure class=\"wpb_wrapper vc_figure\">\n\t\t\t<div class=\"vc_single_image-wrapper   vc_box_border_grey\"><img decoding=\"async\" class=\"vc_single_image-img\" src=\"https:\/\/grupocamargolima.com\/wp-content\/uploads\/2024\/12\/23beb72c-acf8-4295-bf22-b9a6fbcc72b6-removebg-preview-200x200.png\" width=\"200\" height=\"200\" alt=\"23beb72c-acf8-4295-bf22-b9a6fbcc72b6-removebg-preview\" title=\"23beb72c-acf8-4295-bf22-b9a6fbcc72b6-removebg-preview\" loading=\"lazy\" \/><\/div>\n\t\t<\/figure>\n\t<\/div>\n<div class=\"es-resp\">\t<div class=\"visible-xl\" style=\"height: 180px;\"><\/div>\t<div class=\"hidden-xl hidden-md hidden-sm hidden-ms hidden-xs\" style=\"height: 180px;\"><\/div>\t<div class=\"visible-md\" style=\"height: 180px;\"><\/div>\t<div class=\"visible-sm\" style=\"height: 180px;\"><\/div>\t<div class=\"visible-ms\" style=\"height: 90px;\"><\/div>\t<div class=\"visible-xs\" style=\"height: 90px;\"><\/div><\/div><\/div><\/div><\/div><\/div><\/section><div class=\"vc_row-full-width vc_clearfix\"><\/div><section data-vc-full-width=\"true\" data-vc-full-width-temp=\"true\" data-vc-full-width-init=\"false\" class=\"vc_section vc_custom_1724806999345 vc_section-has-fill text-align-center-sm-ms\"><div class=\"vc_row wpb_row vc_row-fluid\"><div class=\"wpb_column vc_column_container vc_col-sm-6\"><div class=\"vc_column-inner\"><div class=\"wpb_wrapper\"><\/div><\/div><\/div><div class=\"wpb_column vc_column_container vc_col-sm-6\"><div class=\"vc_column-inner\"><div class=\"wpb_wrapper\"><div class=\"es-resp\">\t<div class=\"visible-xl\" style=\"height: 180px;\"><\/div>\t<div class=\"hidden-xl hidden-md hidden-sm hidden-ms hidden-xs\" style=\"height: 180px;\"><\/div>\t<div class=\"visible-md\" style=\"height: 180px;\"><\/div>\t<div class=\"visible-sm\" style=\"height: 180px;\"><\/div>\t<div class=\"visible-ms\" style=\"height: 90px;\"><\/div>\t<div class=\"visible-xs\" style=\"height: 90px;\"><\/div><\/div><div class=\"heading default align-center color-white subcolor-main transform-default icon-type-hidden   vc_custom_1724806384865 heading-tag-h1\" id=\"like_sc_header_321278475\"><h1 class=\"header ltx-sr-id-like_sc_header_3212784751099629874 ltx-sr ltx-sr-effect-fade_in ltx-sr-el-block ltx-sr-delay-0 ltx-sr-duration-1000 ltx-sr-sequences-0\">Harvesting Sustainable Results<\/h1><\/div><div class=\"heading default align-center color-white subcolor-main transform-default icon-type-hidden   vc_custom_1724806716225 heading-tag-h5\" id=\"like_sc_header_1257811425\"><h5 class=\"header ltx-sr-id-like_sc_header_1257811425720761128 ltx-sr ltx-sr-effect-fade_in ltx-sr-el-block ltx-sr-delay-0 ltx-sr-duration-1000 ltx-sr-sequences-0\">From the careful selection of seeds to the final delivery of products, each step of the process is rigorously monitored and optimized to ensure that our customers always receive the best. This commitment to reliability and consistency is what sets us apart in the market and builds the trust of our partners and consumers around the world.<\/h5><\/div><div class=\"es-resp\">\t<div class=\"visible-xl\" style=\"height: 180px;\"><\/div>\t<div class=\"hidden-xl hidden-md hidden-sm hidden-ms hidden-xs\" style=\"height: 180px;\"><\/div>\t<div class=\"visible-md\" style=\"height: 180px;\"><\/div>\t<div class=\"visible-sm\" style=\"height: 180px;\"><\/div>\t<div class=\"visible-ms\" style=\"height: 90px;\"><\/div>\t<div class=\"visible-xs\" style=\"height: 90px;\"><\/div><\/div><\/div><\/div><\/div><\/div><\/section><div class=\"vc_row-full-width vc_clearfix\"><\/div>\n<\/div>","protected":false},"excerpt":{"rendered":"DESDE 2011 PARA O MUNDO DA FAZENDA + AGRO + SABORES + SA\u00daDETrabalhe com a guia de Deus, tudo vai dar certo! O grupo tem se destacado no setor de combust\u00edveis, agropecu\u00e1rio e produtos aliment\u00edcios. Focada em mercados internacionais, a trading CAMARGO LIMA exporta goiaba, banana, caf\u00e9 e abacate para Orlando, EUA. Cada produto \u00e9 cuidadosamente selecionado e processado para garantir que os consumidores recebam o melhor que o Brasil tem a oferecer. Colhendo Resultados Sustent\u00e1veisDesde a sele\u00e7\u00e3o cuidadosa das sementes at\u00e9 a entrega final dos produtos, cada etapa do processo \u00e9 rigorosamente monitorada e otimizada para garantir que nossos [...]","protected":false},"author":1,"featured_media":12748,"parent":0,"menu_order":0,"comment_status":"closed","ping_status":"closed","template":"","meta":{"footnotes":""},"class_list":["post-12801","page","type-page","status-publish","has-post-thumbnail","hentry"],"aioseo_notices":[],"_links":{"self":[{"href":"https:\/\/grupocamargolima.com\/en\/wp-json\/wp\/v2\/pages\/12801","targetHints":{"allow":["GET"]}}],"collection":[{"href":"https:\/\/grupocamargolima.com\/en\/wp-json\/wp\/v2\/pages"}],"about":[{"href":"https:\/\/grupocamargolima.com\/en\/wp-json\/wp\/v2\/types\/page"}],"author":[{"embeddable":true,"href":"https:\/\/grupocamargolima.com\/en\/wp-json\/wp\/v2\/users\/1"}],"replies":[{"embeddable":true,"href":"https:\/\/grupocamargolima.com\/en\/wp-json\/wp\/v2\/comments?post=12801"}],"version-history":[{"count":69,"href":"https:\/\/grupocamargolima.com\/en\/wp-json\/wp\/v2\/pages\/12801\/revisions"}],"predecessor-version":[{"id":13146,"href":"https:\/\/grupocamargolima.com\/en\/wp-json\/wp\/v2\/pages\/12801\/revisions\/13146"}],"wp:featuredmedia":[{"embeddable":true,"href":"https:\/\/grupocamargolima.com\/en\/wp-json\/wp\/v2\/media\/12748"}],"wp:attachment":[{"href":"https:\/\/grupocamargolima.com\/en\/wp-json\/wp\/v2\/media?parent=12801"}],"curies":[{"name":"wp","href":"https:\/\/api.w.org\/{rel}","templated":true}]}}